{"id":26,"date":"2020-06-30T19:21:28","date_gmt":"2020-06-30T19:21:28","guid":{"rendered":"https:\/\/alfa.tau.ee\/?page_id=26"},"modified":"2022-12-28T12:59:54","modified_gmt":"2022-12-28T12:59:54","slug":"konsultatsioonid","status":"publish","type":"page","link":"https:\/\/pottsepp.com\/?page_id=26","title":{"rendered":"Konsultatsioonid"},"content":{"rendered":"\n<p>Pakume n\u00f5ustamist sobivate tahkek\u00fctteseadmete valikul, tutvustame kasutusel olevaid ahjus\u00fcsteeme ja aitame valida parima variandi vastavalt soovidele ja v\u00f5imalustele<\/p>\n\n\n\n<p><strong>Konsultatsioon<\/strong>:  50.- \u20ac\/tund<\/p>\n\n\n\n<p>Haapsalust v\u00e4lja lisandub transpordikulu 1.-\/km<\/p>\n\n\n\n<p>Helista ja k\u00fcsi lisa telefonil 5660<strong> <\/strong>5869.<\/p>\n","protected":false},"excerpt":{"rendered":"<p>Pakume n\u00f5ustamist sobivate tahkek\u00fctteseadmete valikul, tutvustame kasutusel olevaid ahjus\u00fcsteeme ja aitame valida parima variandi vastavalt soovidele ja v\u00f5imalustele Konsultatsioon: 50.- \u20ac\/tund Haapsalust v\u00e4lja lisandub transpordikulu 1.-\/km Helista ja k\u00fcsi lisa telefonil 5660 5869.<\/p>\n","protected":false},"author":1,"featured_media":0,"parent":0,"menu_order":0,"comment_status":"closed","ping_status":"closed","template":"","meta":{"kt_blocks_editor_width":"","footnotes":""},"class_list":["post-26","page","type-page","status-publish","hentry"],"_links":{"self":[{"href":"https:\/\/pottsepp.com\/index.php?rest_route=\/wp\/v2\/pages\/26","targetHints":{"allow":["GET"]}}],"collection":[{"href":"https:\/\/pottsepp.com\/index.php?rest_route=\/wp\/v2\/pages"}],"about":[{"href":"https:\/\/pottsepp.com\/index.php?rest_route=\/wp\/v2\/types\/page"}],"author":[{"embeddable":true,"href":"https:\/\/pottsepp.com\/index.php?rest_route=\/wp\/v2\/users\/1"}],"replies":[{"embeddable":true,"href":"https:\/\/pottsepp.com\/index.php?rest_route=%2Fwp%2Fv2%2Fcomments&post=26"}],"version-history":[{"count":5,"href":"https:\/\/pottsepp.com\/index.php?rest_route=\/wp\/v2\/pages\/26\/revisions"}],"predecessor-version":[{"id":509,"href":"https:\/\/pottsepp.com\/index.php?rest_route=\/wp\/v2\/pages\/26\/revisions\/509"}],"wp:attachment":[{"href":"https:\/\/pottsepp.com\/index.php?rest_route=%2Fwp%2Fv2%2Fmedia&parent=26"}],"curies":[{"name":"wp","href":"https:\/\/api.w.org\/{rel}","templated":true}]}}