{"id":22,"date":"2020-06-30T19:20:23","date_gmt":"2020-06-30T19:20:23","guid":{"rendered":"https:\/\/alfa.tau.ee\/?page_id=22"},"modified":"2026-03-30T08:35:24","modified_gmt":"2026-03-30T08:35:24","slug":"korstnapuhkimine","status":"publish","type":"page","link":"https:\/\/pottsepp.com\/?page_id=22","title":{"rendered":"Korstnap\u00fchkimine (alates 2009.a.)"},"content":{"rendered":"\n<p>Pakume parima kvaliteediga korstnap\u00fchkimisteenust L\u00e4\u00e4nemaal. Selleks, et k\u00fctmine oleks elule ja varale ohutu ning p\u00e4rast korstnap\u00fchkija k\u00e4imist j\u00e4\u00e4ks tuba v\u00f5imalikult puhtaks, tuleb k\u00fcttes\u00fcsteeme puhastada v\u00e4hemalt <strong>\u00fcks kord aastas<\/strong>, vajadusel tihemini.<\/p>\n\n\n\n<p>Vastavalt seadusele peab eramajas k\u00fcttes\u00fcsteeme puhastama kutsetunnistusega korstanap\u00fchkija v\u00e4hemalt iga 5 aasta j\u00e4rel. Vahepealsel neljal aastal on lubatud hoone valdajal seda t\u00f6\u00f6d ise teha. Kortermaja v\u00f5i ridaelamu, ning paarismaja puhul peab k\u00fcttessteeme hooldama igal aastal kutseline korstnap\u00fchkija.<\/p>\n\n\n\n<p>Samuti on ehitise valdajal kohustus tagada korstnap\u00fchkijale ohutu juurdep\u00e4\u00e4s korstnale ning igal korrusel peab olema v\u00f5imalik kontrollida korstna seisukorda v\u00e4hemalt kahelt k\u00fcljelt.<\/p>\n\n\n\n<p>Alates 1 m\u00e4rtsist 2021 kantakse k\u00f5ik korstnap\u00fchkimisaktid digitaalselt <strong>K\u00fcttes\u00fcsteemide portaali<\/strong>. Paberkandjal v\u00e4ljastatud aktid on kehtetud.<\/p>\n\n\n\n<p><strong>Mida vaja teha enne korstnap\u00fchkija saabumist?<\/strong><\/p>\n\n\n\n<p>Kui teile on tulemas korstnap\u00fchkija, siis tuleks viimane k\u00fctmine teha mitte hiljem kui 24h enne korstnap\u00fchkija visiiti, kuna muidu v\u00f5ivad olla kolle ja l\u00f5\u00f5rid liiga kuumad puhastuse teostamiseks (kui l\u00f5\u00f5ristik on liiga kuum, siis on korstnap\u00fchkijal \u00f5igus esitada t\u00fchis\u00f5idu arve). Veenduge, et oleks tagatud ligip\u00e4\u00e4s k\u00f5ikidele tahmapuhastusluukidele. P\u00f5randalt eemaldage lahtised vaibad.<\/p>\n\n\n\n<h4 class=\"wp-block-heading\"><strong>Korstnap\u00fchkimisteenuse hinnakiri<\/strong><\/h4>\n\n\n\n<p><em>Hinnad kehtivad alates 1. aprill. 2026<\/em><\/p>\n\n\n\n<p><\/p>\n\n\n\n<p>Korstna \u00fche suitsul\u00f5\u00f5ri puhastamine: alates 40 \u20ac<\/p>\n\n\n\n<p>Viimal\u00f5\u00f5ri puhastamine: 10 \u20ac\/jm<\/p>\n\n\n\n<p>Ahju puhastamine (kuni 4 puhastusava): alates 40 \u20ac<\/p>\n\n\n\n<p>Pliit-soem\u00fc\u00fcri puhastamine (standardsuurus): 55 \u20ac<\/p>\n\n\n\n<p>Kamina v\u00f5i saunaahju puhastamine: alates 25 \u20ac<\/p>\n\n\n\n<p>Tahmaluugi paigaldus ava tegemisega: alates 60 \u20ac<\/p>\n\n\n\n<p>V\u00e4ikekatla puhastus: alates 30 \u20ac<\/p>\n\n\n\n<p>Ummistuse likvideerimine: 100 \u20ac\/h<\/p>\n\n\n\n<p>Korstnap\u00fchkija miinimumtasu (nt t\u00fchis\u00f5it): 50 \u20ac (+kilomeetritasu)<\/p>\n\n\n\n<p>L\u00f5\u00f5ride kaamerauuringud: 100 \u20ac\/h<\/p>\n\n\n\n<p>Redelite kasutamine: 20 \u20ac<\/p>\n\n\n\n<p>V\u00e4ljakutse Haapsalus (keskusest kuni 5 km): 10 \u20ac<\/p>\n\n\n\n<p>kaugemal lisandub transport: 1 \u20ac\/km<\/p>\n\n\n\n<p><strong><span style=\"color:#c03000\" class=\"has-inline-color\">V\u00e4ljaspool t\u00f6\u00f6aega <\/span><\/strong>(t\u00f6\u00f6aeg E-R 8-17) <strong><span style=\"color:#c03000\" class=\"has-inline-color\">lisandub hinnale 50%<\/span>&nbsp;<\/strong><\/p>\n\n\n\n<p>Hinnale k\u00e4ibemaksu ei lisandu!<\/p>\n\n\n\n<p><strong><span style=\"color:#c03000\" class=\"has-inline-color\">NB! P\u00fcsiklientidele hinnasoodustus 10%!<\/span><\/strong><\/p>\n\n\n\n<p>Helista ja k\u00fcsi lisa telefonil 5660 5869.<\/p>\n\n\n\n<div data-wp-interactive=\"core\/file\" class=\"wp-block-file\"><object data-wp-bind--hidden=\"!state.hasPdfPreview\" hidden class=\"wp-block-file__embed\" data=\"https:\/\/pottsepp.com\/wp-content\/uploads\/2022\/12\/Korstnapuhkija-kutsetunnistus-2019.pdf\" type=\"application\/pdf\" style=\"width:100%;height:600px\" aria-label=\"Lisa Korstnapuhkija-kutsetunnistus-2019.\"><\/object><a id=\"wp-block-file--media-0c19a9cd-2f86-4987-beb7-c8c8cee2195b\" href=\"https:\/\/pottsepp.com\/wp-content\/uploads\/2022\/12\/Korstnapuhkija-kutsetunnistus-2019.pdf\">Korstnapuhkija-kutsetunnistus-2019<\/a><a href=\"https:\/\/pottsepp.com\/wp-content\/uploads\/2022\/12\/Korstnapuhkija-kutsetunnistus-2019.pdf\" class=\"wp-block-file__button wp-element-button\" download aria-describedby=\"wp-block-file--media-0c19a9cd-2f86-4987-beb7-c8c8cee2195b\">Laadi alla<\/a><\/div>\n","protected":false},"excerpt":{"rendered":"<p>Pakume parima kvaliteediga korstnap\u00fchkimisteenust L\u00e4\u00e4nemaal. Selleks, et k\u00fctmine oleks elule ja varale ohutu ning p\u00e4rast korstnap\u00fchkija k\u00e4imist j\u00e4\u00e4ks tuba v\u00f5imalikult puhtaks, tuleb k\u00fcttes\u00fcsteeme puhastada v\u00e4hemalt \u00fcks kord aastas, vajadusel tihemini. Vastavalt seadusele peab eramajas k\u00fcttes\u00fcsteeme puhastama kutsetunnistusega korstanap\u00fchkija v\u00e4hemalt iga &hellip; <a href=\"https:\/\/pottsepp.com\/?page_id=22\">Continued<\/a><\/p>\n","protected":false},"author":1,"featured_media":0,"parent":0,"menu_order":0,"comment_status":"closed","ping_status":"closed","template":"page-sidebar.php","meta":{"kt_blocks_editor_width":"","footnotes":""},"class_list":["post-22","page","type-page","status-publish","hentry"],"_links":{"self":[{"href":"https:\/\/pottsepp.com\/index.php?rest_route=\/wp\/v2\/pages\/22","targetHints":{"allow":["GET"]}}],"collection":[{"href":"https:\/\/pottsepp.com\/index.php?rest_route=\/wp\/v2\/pages"}],"about":[{"href":"https:\/\/pottsepp.com\/index.php?rest_route=\/wp\/v2\/types\/page"}],"author":[{"embeddable":true,"href":"https:\/\/pottsepp.com\/index.php?rest_route=\/wp\/v2\/users\/1"}],"replies":[{"embeddable":true,"href":"https:\/\/pottsepp.com\/index.php?rest_route=%2Fwp%2Fv2%2Fcomments&post=22"}],"version-history":[{"count":21,"href":"https:\/\/pottsepp.com\/index.php?rest_route=\/wp\/v2\/pages\/22\/revisions"}],"predecessor-version":[{"id":526,"href":"https:\/\/pottsepp.com\/index.php?rest_route=\/wp\/v2\/pages\/22\/revisions\/526"}],"wp:attachment":[{"href":"https:\/\/pottsepp.com\/index.php?rest_route=%2Fwp%2Fv2%2Fmedia&parent=22"}],"curies":[{"name":"wp","href":"https:\/\/api.w.org\/{rel}","templated":true}]}}